{"id":1347,"date":"2026-01-18T16:49:48","date_gmt":"2026-01-18T16:49:48","guid":{"rendered":"https:\/\/siulamwingchun.pt\/?page_id=1347"},"modified":"2026-01-18T16:57:49","modified_gmt":"2026-01-18T16:57:49","slug":"saude-e-equilibrio","status":"publish","type":"page","link":"https:\/\/siulamwingchun.pt\/en\/saude-e-equilibrio\/","title":{"rendered":"Sa\u00fade e Equil\u00edbrio"},"content":{"rendered":"<p><img data-opt-id=609720364  fetchpriority=\"high\" loading=\"eager\" decoding=\"async\" class=\"aligncenter size-large wp-image-444\" src=\"https:\/\/ml12ywuasnz4.i.optimole.com\/w:1024\/h:133\/q:mauto\/g:sm\/f:best\/ig:avif\/https:\/\/siulamwingchun.pt\/wp-content\/uploads\/2022\/12\/header-image.jpg\" alt=\"terapia chinesa e tratamento de dor ou doen\u00e7as agudas ou cr\u00f3nicas header\" width=\"840\" height=\"109\" srcset=\"https:\/\/ml12ywuasnz4.i.optimole.com\/w:1024\/h:133\/q:mauto\/g:sm\/f:best\/ig:avif\/https:\/\/siulamwingchun.pt\/wp-content\/uploads\/2022\/12\/header-image.jpg 1024w, https:\/\/ml12ywuasnz4.i.optimole.com\/w:300\/h:39\/q:mauto\/g:sm\/f:best\/ig:avif\/https:\/\/siulamwingchun.pt\/wp-content\/uploads\/2022\/12\/header-image.jpg 300w, https:\/\/ml12ywuasnz4.i.optimole.com\/w:768\/h:100\/q:mauto\/g:sm\/f:best\/ig:avif\/https:\/\/siulamwingchun.pt\/wp-content\/uploads\/2022\/12\/header-image.jpg 768w, https:\/\/ml12ywuasnz4.i.optimole.com\/w:1536\/h:200\/q:mauto\/g:sm\/f:best\/ig:avif\/https:\/\/siulamwingchun.pt\/wp-content\/uploads\/2022\/12\/header-image.jpg 1536w, https:\/\/ml12ywuasnz4.i.optimole.com\/w:1920\/h:250\/q:mauto\/g:sm\/f:best\/ig:avif\/https:\/\/siulamwingchun.pt\/wp-content\/uploads\/2022\/12\/header-image.jpg 1920w, https:\/\/ml12ywuasnz4.i.optimole.com\/w:1920\/h:250\/q:mauto\/g:sm\/f:best\/ig:avif\/dpr:2\/https:\/\/siulamwingchun.pt\/wp-content\/uploads\/2022\/12\/header-image.jpg 2x\" sizes=\"auto, (max-width: 840px) 100vw, 840px\" \/><\/p>\n<h1>Sa\u00fade e Equil\u00edbrio<\/h1>\n<h2>Atividades Internas do Clube<\/h2>\n<h2>Tratamento Psicoemocional &#8211; Fu Zheng<\/h2>\n<p><a href=\"https:\/\/ml12ywuasnz4.i.optimole.com\/w:auto\/h:auto\/q:mauto\/g:sm\/f:best\/ig:avif\/https:\/\/siulamwingchun.pt\/wp-content\/uploads\/2025\/09\/fu-zheng.jpeg\" data-rel=\"lightbox-image-0\" data-rl_title=\"\" data-rl_caption=\"\" title=\"\"><img data-opt-id=1329199152  fetchpriority=\"high\" loading=\"eager\" decoding=\"async\" class=\"alignleft size-medium wp-image-1312\" style=\"margin-bottom: 5%;\" src=\"https:\/\/ml12ywuasnz4.i.optimole.com\/w:211\/h:300\/q:mauto\/g:sm\/f:best\/ig:avif\/https:\/\/siulamwingchun.pt\/wp-content\/uploads\/2025\/09\/fu-zheng.jpeg\" alt=\"fu-zheng\" width=\"211\" height=\"300\" srcset=\"https:\/\/ml12ywuasnz4.i.optimole.com\/w:211\/h:300\/q:mauto\/g:sm\/f:best\/ig:avif\/https:\/\/siulamwingchun.pt\/wp-content\/uploads\/2025\/09\/fu-zheng.jpeg 211w, https:\/\/ml12ywuasnz4.i.optimole.com\/w:720\/h:1024\/q:mauto\/g:sm\/f:best\/ig:avif\/https:\/\/siulamwingchun.pt\/wp-content\/uploads\/2025\/09\/fu-zheng.jpeg 720w, https:\/\/ml12ywuasnz4.i.optimole.com\/w:759\/h:1080\/q:mauto\/g:sm\/f:best\/ig:avif\/https:\/\/siulamwingchun.pt\/wp-content\/uploads\/2025\/09\/fu-zheng.jpeg 768w, https:\/\/ml12ywuasnz4.i.optimole.com\/w:759\/h:1080\/q:mauto\/g:sm\/f:best\/ig:avif\/https:\/\/siulamwingchun.pt\/wp-content\/uploads\/2025\/09\/fu-zheng.jpeg 1080w, https:\/\/ml12ywuasnz4.i.optimole.com\/w:759\/h:1080\/q:mauto\/g:sm\/f:best\/ig:avif\/dpr:2\/https:\/\/siulamwingchun.pt\/wp-content\/uploads\/2025\/09\/fu-zheng.jpeg 2x\" sizes=\"auto, (max-width: 211px) 100vw, 211px\" \/><\/a>Os desequil\u00edbrios emocionais podem afetar profundamente o bem-estar f\u00edsico e mental. A Terapia Chinesa oferece abordagens que ajudam a restaurar o equil\u00edbrio interno, promover calma e fortalecer a energia vital. Porque n\u00e3o \u00e9 o que acontece que importa, mas a forma como reagimos a esse acontecimento.<br \/>\nManter o corpo e a mente em equil\u00edbrio \u00e9 essencial para o bem-estar e a vitalidade. Muitas vezes, o ritmo acelerado do dia a dia, h\u00e1bitos e fatores externos podem gerar desequil\u00edbrios que afetam a sa\u00fade geral, surgindo doen\u00e7as.<br \/>\nProcedimentos que auxiliam na manuten\u00e7\u00e3o do equil\u00edbrio f\u00edsico, emocional e energ\u00e9tico, promovendo bem-estar de forma natural e integrada, \u00e9 uma das actividades internas do nosso clube.<\/p>\n<h2>Auriculoterapia<\/h2>\n<p>A Auriculoterapia trabalha pontos espec\u00edficos na orelha que correspondem a diferentes \u00f3rg\u00e3os e sistemas do corpo. Estas pr\u00e1ticas ajudam a estimular a capacidade natural do organismo de se equilibrar, apoiar fun\u00e7\u00f5es internas e promover conforto. A auriculoterapia \u00e9 utilizada \u00e1 mais de 8000 anos e no antigo Egipto, era muito usado pelas mulheres para o ciclo menstrual e menopausa.<\/p>\n<h2>T\u00e9cnicas Integrativas<\/h2>\n<p>Al\u00e9m de ZHONG YI (t\u00e9cnicas chinesas), este as quais, Moxabust\u00e3o, Magnetopuntura, Ventosaterapia e Massagem Tui Na, o Biomagnetismo \u00e9 incorporado como pr\u00e1tica complementar, atuando na harmoniza\u00e7\u00e3o energ\u00e9tica do corpo e no suporte ao equil\u00edbrio natural dos sistemas fisiol\u00f3gicos, ajudando a aliviar tens\u00f5es, fortalecer a resist\u00eancia do organismo e contribuir para um estado geral de harmonia, promovendo sa\u00fade de forma integrada e natural.<\/p>\n<h2>Abordagem Integrativa<\/h2>\n<p>Observando padr\u00f5es individuais de energia, tens\u00f5es e h\u00e1bitos de vida, promovemis pr\u00e1ticas adaptadas \u00e0s necessidades de cada participante. Integrar Auriculoterapia, Moxabust\u00e3o, Magnetopuntura, Massagem Shen Zheng e Tui Na, junto com Biomagnetismo, permite um cuidado completo, promovendo relaxamento, vitalidade e bem-estar sustent\u00e1vel.<\/p>\n<p>Estas atividades s\u00e3o realizadas a t\u00edtulo privado pelo clube SIU LAM WING CHUN PORTUGAL<\/p>\n","protected":false},"excerpt":{"rendered":"<p>Sa\u00fade e Equil\u00edbrio Atividades Internas do Clube Tratamento Psicoemocional &#8211; Fu Zheng Os desequil\u00edbrios emocionais podem afetar profundamente o bem-estar f\u00edsico e mental. A Terapia Chinesa oferece abordagens que ajudam a restaurar o equil\u00edbrio interno, &hellip;<\/p>\n","protected":false},"author":1,"featured_media":0,"parent":0,"menu_order":0,"comment_status":"closed","ping_status":"closed","template":"","meta":{"footnotes":""},"class_list":["post-1347","page","type-page","status-publish","hentry"],"translation":{"provider":"WPGlobus","version":"3.0.2","language":"en","enabled_languages":["pt","en"],"languages":{"pt":{"title":true,"content":true,"excerpt":false},"en":{"title":false,"content":false,"excerpt":false}}},"yoast_head":"<!-- This site is optimized with the Yoast SEO plugin v27.4 - https:\/\/yoast.com\/product\/yoast-seo-wordpress\/ -->\n<title>Sa\u00fade e Equil\u00edbrio - Wing Chun - Kung Fu Lisbon - Martial Arts<\/title>\n<meta name=\"robots\" content=\"index, follow, max-snippet:-1, max-image-preview:large, max-video-preview:-1\" \/>\n<link rel=\"canonical\" href=\"https:\/\/siulamwingchun.pt\/saude-e-equilibrio\/\" \/>\n<meta property=\"og:locale\" content=\"en_US\" \/>\n<meta property=\"og:type\" content=\"article\" \/>\n<meta property=\"og:title\" content=\"Sa\u00fade e Equil\u00edbrio - Wing Chun - Kung Fu Lisbon - Martial Arts\" \/>\n<meta property=\"og:url\" content=\"https:\/\/siulamwingchun.pt\/saude-e-equilibrio\/\" \/>\n<meta property=\"og:site_name\" content=\"Wing Chun - Kung Fu Lisbon - Martial Arts\" \/>\n<meta property=\"article:modified_time\" content=\"2026-01-18T16:57:49+00:00\" \/>\n<meta property=\"og:image\" content=\"https:\/\/ml12ywuasnz4.i.optimole.com\/w:auto\/h:auto\/q:mauto\/g:sm\/f:best\/ig:avif\/https:\/\/siulamwingchun.pt\/wp-content\/uploads\/2022\/12\/header-image.jpg\" \/>\n\t<meta property=\"og:image:width\" content=\"1920\" \/>\n\t<meta property=\"og:image:height\" content=\"250\" \/>\n\t<meta property=\"og:image:type\" content=\"image\/jpeg\" \/>\n<meta name=\"twitter:card\" content=\"summary_large_image\" \/>\n<meta name=\"twitter:label1\" content=\"Est. reading time\" \/>\n\t<meta name=\"twitter:data1\" content=\"3 minutes\" \/>\n<script type=\"application\/ld+json\" class=\"yoast-schema-graph\">{\"@context\":\"https:\\\/\\\/schema.org\",\"@graph\":[{\"@type\":\"WebPage\",\"@id\":\"https:\\\/\\\/siulamwingchun.pt\\\/saude-e-equilibrio\\\/\",\"url\":\"https:\\\/\\\/siulamwingchun.pt\\\/saude-e-equilibrio\\\/\",\"name\":\"Sa\u00fade e Equil\u00edbrio - Wing Chun - Kung Fu Lisbon - Martial Arts\",\"isPartOf\":{\"@id\":\"https:\\\/\\\/siulamwingchun.pt\\\/#website\"},\"primaryImageOfPage\":{\"@id\":\"https:\\\/\\\/siulamwingchun.pt\\\/saude-e-equilibrio\\\/#primaryimage\"},\"image\":{\"@id\":\"https:\\\/\\\/siulamwingchun.pt\\\/saude-e-equilibrio\\\/#primaryimage\"},\"thumbnailUrl\":\"https:\\/\\/siulamwingchun.pt\\/wp-content\\/uploads\\/2022\\/12\\/header-image-1024x133.jpg\",\"datePublished\":\"2026-01-18T16:49:48+00:00\",\"dateModified\":\"2026-01-18T16:57:49+00:00\",\"breadcrumb\":{\"@id\":\"https:\\\/\\\/siulamwingchun.pt\\\/saude-e-equilibrio\\\/#breadcrumb\"},\"inLanguage\":\"en-US\",\"potentialAction\":[{\"@type\":\"ReadAction\",\"target\":[\"https:\\\/\\\/siulamwingchun.pt\\\/saude-e-equilibrio\\\/\"]}]},{\"@type\":\"ImageObject\",\"inLanguage\":\"en-US\",\"@id\":\"https:\\\/\\\/siulamwingchun.pt\\\/saude-e-equilibrio\\\/#primaryimage\",\"url\":\"https:\\/\\/siulamwingchun.pt\\/wp-content\\/uploads\\/2022\\/12\\/header-image-1024x133.jpg\",\"contentUrl\":\"https:\\/\\/siulamwingchun.pt\\/wp-content\\/uploads\\/2022\\/12\\/header-image-1024x133.jpg\"},{\"@type\":\"BreadcrumbList\",\"@id\":\"https:\\\/\\\/siulamwingchun.pt\\\/saude-e-equilibrio\\\/#breadcrumb\",\"itemListElement\":[{\"@type\":\"ListItem\",\"position\":1,\"name\":\"Home\",\"item\":\"https:\\\/\\\/siulamwingchun.pt\\\/\"},{\"@type\":\"ListItem\",\"position\":2,\"name\":\"Sa\u00fade e Equil\u00edbrio\"}]},{\"@type\":\"WebSite\",\"@id\":\"https:\\\/\\\/siulamwingchun.pt\\\/#website\",\"url\":\"https:\\\/\\\/siulamwingchun.pt\\\/\",\"name\":\"Wing Chun - Kung Fu Lisboa - Artes Marciais\",\"description\":\"Self Defence in Lisbon\",\"publisher\":{\"@id\":\"https:\\\/\\\/siulamwingchun.pt\\\/#organization\"},\"potentialAction\":[{\"@type\":\"SearchAction\",\"target\":{\"@type\":\"EntryPoint\",\"urlTemplate\":\"https:\\\/\\\/siulamwingchun.pt\\\/?s={search_term_string}\"},\"query-input\":{\"@type\":\"PropertyValueSpecification\",\"valueRequired\":true,\"valueName\":\"search_term_string\"}}],\"inLanguage\":\"en-US\"},{\"@type\":\"Organization\",\"@id\":\"https:\\\/\\\/siulamwingchun.pt\\\/#organization\",\"name\":\"Siu Lam Wing Chun\",\"url\":\"https:\\\/\\\/siulamwingchun.pt\\\/\",\"logo\":{\"@type\":\"ImageObject\",\"inLanguage\":\"en-US\",\"@id\":\"https:\\\/\\\/siulamwingchun.pt\\\/#\\\/schema\\\/logo\\\/image\\\/\",\"url\":\"https:\\/\\/siulamwingchun.pt\\/wp-content\\/uploads\\/2022\\/12\\/wing-chun-lisboa-logo-small.jpg\",\"contentUrl\":\"https:\\/\\/siulamwingchun.pt\\/wp-content\\/uploads\\/2022\\/12\\/wing-chun-lisboa-logo-small.jpg\",\"width\":120,\"height\":119,\"caption\":\"Siu Lam Wing Chun\"},\"image\":{\"@id\":\"https:\\\/\\\/siulamwingchun.pt\\\/#\\\/schema\\\/logo\\\/image\\\/\"}}]}<\/script>\n<!-- \/ Yoast SEO plugin. -->","yoast_head_json":{"title":"Sa\u00fade e Equil\u00edbrio - Wing Chun - Kung Fu Lisbon - Martial Arts","robots":{"index":"index","follow":"follow","max-snippet":"max-snippet:-1","max-image-preview":"max-image-preview:large","max-video-preview":"max-video-preview:-1"},"canonical":"https:\/\/siulamwingchun.pt\/saude-e-equilibrio\/","og_locale":"en_US","og_type":"article","og_title":"Sa\u00fade e Equil\u00edbrio - Wing Chun - Kung Fu Lisbon - Martial Arts","og_url":"https:\/\/siulamwingchun.pt\/saude-e-equilibrio\/","og_site_name":"Wing Chun - Kung Fu Lisbon - Martial Arts","article_modified_time":"2026-01-18T16:57:49+00:00","og_image":[{"width":1920,"height":250,"url":"https:\/\/ml12ywuasnz4.i.optimole.com\/w:auto\/h:auto\/q:mauto\/g:sm\/f:best\/ig:avif\/https:\/\/siulamwingchun.pt\/wp-content\/uploads\/2022\/12\/header-image.jpg","type":"image\/jpeg"}],"twitter_card":"summary_large_image","twitter_misc":{"Est. reading time":"3 minutes"},"schema":{"@context":"https:\/\/schema.org","@graph":[{"@type":"WebPage","@id":"https:\/\/siulamwingchun.pt\/saude-e-equilibrio\/","url":"https:\/\/siulamwingchun.pt\/saude-e-equilibrio\/","name":"Sa\u00fade e Equil\u00edbrio - Wing Chun - Kung Fu Lisbon - Martial Arts","isPartOf":{"@id":"https:\/\/siulamwingchun.pt\/#website"},"primaryImageOfPage":{"@id":"https:\/\/siulamwingchun.pt\/saude-e-equilibrio\/#primaryimage"},"image":{"@id":"https:\/\/siulamwingchun.pt\/saude-e-equilibrio\/#primaryimage"},"thumbnailUrl":"https:\/\/ml12ywuasnz4.i.optimole.com\/w:1024\/h:133\/q:mauto\/g:sm\/f:best\/ig:avif\/https:\/\/siulamwingchun.pt\/wp-content\/uploads\/2022\/12\/header-image.jpg","datePublished":"2026-01-18T16:49:48+00:00","dateModified":"2026-01-18T16:57:49+00:00","breadcrumb":{"@id":"https:\/\/siulamwingchun.pt\/saude-e-equilibrio\/#breadcrumb"},"inLanguage":"en-US","potentialAction":[{"@type":"ReadAction","target":["https:\/\/siulamwingchun.pt\/saude-e-equilibrio\/"]}]},{"@type":"ImageObject","inLanguage":"en-US","@id":"https:\/\/siulamwingchun.pt\/saude-e-equilibrio\/#primaryimage","url":"https:\/\/ml12ywuasnz4.i.optimole.com\/w:1024\/h:133\/q:mauto\/g:sm\/f:best\/ig:avif\/https:\/\/siulamwingchun.pt\/wp-content\/uploads\/2022\/12\/header-image.jpg","contentUrl":"https:\/\/ml12ywuasnz4.i.optimole.com\/w:1024\/h:133\/q:mauto\/g:sm\/f:best\/ig:avif\/https:\/\/siulamwingchun.pt\/wp-content\/uploads\/2022\/12\/header-image.jpg"},{"@type":"BreadcrumbList","@id":"https:\/\/siulamwingchun.pt\/saude-e-equilibrio\/#breadcrumb","itemListElement":[{"@type":"ListItem","position":1,"name":"Home","item":"https:\/\/siulamwingchun.pt\/"},{"@type":"ListItem","position":2,"name":"Sa\u00fade e Equil\u00edbrio"}]},{"@type":"WebSite","@id":"https:\/\/siulamwingchun.pt\/#website","url":"https:\/\/siulamwingchun.pt\/","name":"Wing Chun - Kung Fu Lisboa - Artes Marciais","description":"Self Defence in Lisbon","publisher":{"@id":"https:\/\/siulamwingchun.pt\/#organization"},"potentialAction":[{"@type":"SearchAction","target":{"@type":"EntryPoint","urlTemplate":"https:\/\/siulamwingchun.pt\/?s={search_term_string}"},"query-input":{"@type":"PropertyValueSpecification","valueRequired":true,"valueName":"search_term_string"}}],"inLanguage":"en-US"},{"@type":"Organization","@id":"https:\/\/siulamwingchun.pt\/#organization","name":"Siu Lam Wing Chun","url":"https:\/\/siulamwingchun.pt\/","logo":{"@type":"ImageObject","inLanguage":"en-US","@id":"https:\/\/siulamwingchun.pt\/#\/schema\/logo\/image\/","url":"https:\/\/ml12ywuasnz4.i.optimole.com\/w:auto\/h:auto\/q:mauto\/g:sm\/f:best\/ig:avif\/https:\/\/siulamwingchun.pt\/wp-content\/uploads\/2022\/12\/wing-chun-lisboa-logo-small.jpg","contentUrl":"https:\/\/ml12ywuasnz4.i.optimole.com\/w:auto\/h:auto\/q:mauto\/g:sm\/f:best\/ig:avif\/https:\/\/siulamwingchun.pt\/wp-content\/uploads\/2022\/12\/wing-chun-lisboa-logo-small.jpg","width":120,"height":119,"caption":"Siu Lam Wing Chun"},"image":{"@id":"https:\/\/siulamwingchun.pt\/#\/schema\/logo\/image\/"}}]}},"_links":{"self":[{"href":"https:\/\/siulamwingchun.pt\/en\/wp-json\/wp\/v2\/pages\/1347","targetHints":{"allow":["GET"]}}],"collection":[{"href":"https:\/\/siulamwingchun.pt\/en\/wp-json\/wp\/v2\/pages"}],"about":[{"href":"https:\/\/siulamwingchun.pt\/en\/wp-json\/wp\/v2\/types\/page"}],"author":[{"embeddable":true,"href":"https:\/\/siulamwingchun.pt\/en\/wp-json\/wp\/v2\/users\/1"}],"replies":[{"embeddable":true,"href":"https:\/\/siulamwingchun.pt\/en\/wp-json\/wp\/v2\/comments?post=1347"}],"version-history":[{"count":1,"href":"https:\/\/siulamwingchun.pt\/en\/wp-json\/wp\/v2\/pages\/1347\/revisions"}],"predecessor-version":[{"id":1349,"href":"https:\/\/siulamwingchun.pt\/en\/wp-json\/wp\/v2\/pages\/1347\/revisions\/1349"}],"wp:attachment":[{"href":"https:\/\/siulamwingchun.pt\/en\/wp-json\/wp\/v2\/media?parent=1347"}],"curies":[{"name":"wp","href":"https:\/\/api.w.org\/{rel}","templated":true}]}}